{"id":8778,"date":"2025-06-27T15:10:26","date_gmt":"2025-06-27T07:10:26","guid":{"rendered":"https:\/\/www.vingloop.com\/?post_type=product&#038;p=8778"},"modified":"2025-06-27T16:26:40","modified_gmt":"2025-06-27T08:26:40","slug":"swm-1gsv2r","status":"publish","type":"product","link":"https:\/\/www.vingloop.com\/es\/product\/swm-1gsv2r\/","title":{"rendered":"SWM-1GSv2R"},"content":{"rendered":"","protected":false},"excerpt":{"rendered":"<p>1G SFP monomodo, n\u00facleo \u00fanico, m\u00f3dulo BiDi, longitud de onda Tx1550nm\/Rx1310nm, 20km<\/p>","protected":false},"featured_media":8851,"comment_status":"open","ping_status":"closed","template":"","meta":[],"product_cat":[71],"product_tag":[],"class_list":["post-8778","product","type-product","status-publish","has-post-thumbnail","hentry","product_cat-swm-series-sfp-transceiver"],"_links":{"self":[{"href":"https:\/\/www.vingloop.com\/es\/wp-json\/wp\/v2\/product\/8778","targetHints":{"allow":["GET"]}}],"collection":[{"href":"https:\/\/www.vingloop.com\/es\/wp-json\/wp\/v2\/product"}],"about":[{"href":"https:\/\/www.vingloop.com\/es\/wp-json\/wp\/v2\/types\/product"}],"replies":[{"embeddable":true,"href":"https:\/\/www.vingloop.com\/es\/wp-json\/wp\/v2\/comments?post=8778"}],"version-history":[{"count":2,"href":"https:\/\/www.vingloop.com\/es\/wp-json\/wp\/v2\/product\/8778\/revisions"}],"predecessor-version":[{"id":8863,"href":"https:\/\/www.vingloop.com\/es\/wp-json\/wp\/v2\/product\/8778\/revisions\/8863"}],"wp:featuredmedia":[{"embeddable":true,"href":"https:\/\/www.vingloop.com\/es\/wp-json\/wp\/v2\/media\/8851"}],"wp:attachment":[{"href":"https:\/\/www.vingloop.com\/es\/wp-json\/wp\/v2\/media?parent=8778"}],"wp:term":[{"taxonomy":"product_cat","embeddable":true,"href":"https:\/\/www.vingloop.com\/es\/wp-json\/wp\/v2\/product_cat?post=8778"},{"taxonomy":"product_tag","embeddable":true,"href":"https:\/\/www.vingloop.com\/es\/wp-json\/wp\/v2\/product_tag?post=8778"}],"curies":[{"name":"wp","href":"https:\/\/api.w.org\/{rel}","templated":true}]}}